{"id":1995,"date":"2023-11-11T16:28:44","date_gmt":"2023-11-11T15:28:44","guid":{"rendered":"https:\/\/www.haustiere-news.de\/shop\/?page_id=1995"},"modified":"2024-03-29T14:45:45","modified_gmt":"2024-03-29T13:45:45","slug":"home","status":"publish","type":"page","link":"https:\/\/www.haustiere-news.de\/shop\/","title":{"rendered":"Haustier Shop &#8211; Onlineshop f\u00fcr Hund Katze Kleintier Vogel Aquaristik Terraristik"},"content":{"rendered":"\t\t<div data-elementor-type=\"wp-page\" data-elementor-id=\"1995\" class=\"elementor elementor-1995\" data-elementor-post-type=\"page\">\n\t\t\t\t<div class=\"elementor-element elementor-element-41215ae e-flex e-con-boxed e-con e-parent\" data-id=\"41215ae\" data-element_type=\"container\" data-e-type=\"container\">\n\t\t\t\t\t<div class=\"e-con-inner\">\n\t\t<div class=\"elementor-element elementor-element-6e43713 e-con-full e-flex e-con e-child\" data-id=\"6e43713\" data-element_type=\"container\" data-e-type=\"container\">\n\t\t\t\t<div class=\"elementor-element elementor-element-6362e64 elementor-position-top elementor-widget elementor-widget-image-box\" data-id=\"6362e64\" data-element_type=\"widget\" data-e-type=\"widget\" data-widget_type=\"image-box.default\">\n\t\t\t\t<div class=\"elementor-widget-container\">\n\t\t\t\t\t<div class=\"elementor-image-box-wrapper\"><figure class=\"elementor-image-box-img\"><a href=\"https:\/\/www.haustiere-news.de\/shop\/hundebedarf\/\" tabindex=\"-1\"><img fetchpriority=\"high\" decoding=\"async\" width=\"300\" height=\"200\" src=\"https:\/\/www.haustiere-news.de\/shop\/wp-content\/uploads\/2023\/11\/hundebedarf-shop.jpg\" class=\"elementor-animation-grow attachment-full size-full wp-image-2003\" alt=\"Hundebedarf-Shop\" title=\"\" srcset=\"https:\/\/www.haustiere-news.de\/shop\/wp-content\/uploads\/2023\/11\/hundebedarf-shop.jpg 300w, https:\/\/www.haustiere-news.de\/shop\/wp-content\/uploads\/2023\/11\/hundebedarf-shop-150x100.jpg 150w, https:\/\/www.haustiere-news.de\/shop\/wp-content\/uploads\/2023\/11\/hundebedarf-shop-262x175.jpg 262w, https:\/\/www.haustiere-news.de\/shop\/wp-content\/uploads\/2023\/11\/hundebedarf-shop-162x108.jpg 162w, https:\/\/www.haustiere-news.de\/shop\/wp-content\/uploads\/2023\/11\/hundebedarf-shop-100x67.jpg 100w\" sizes=\"(max-width: 300px) 100vw, 300px\" \/><\/a><\/figure><div class=\"elementor-image-box-content\"><h2 class=\"elementor-image-box-title\"><a href=\"https:\/\/www.haustiere-news.de\/shop\/hundebedarf\/\">Hundebedarf Shop<\/a><\/h2><p class=\"elementor-image-box-description\">Willkommen in Ihrem Hundebedarf Shop! Bei uns finden Sie alles, was das Herz Ihres vierbeinigen Freundes h\u00f6herschlagen l\u00e4sst. Von stylischen Halsb\u00e4ndern bis hin zu gem\u00fctlichen Schlafpl\u00e4tzen \u2013 eine sorgf\u00e4ltig kuratierte Auswahl an Produkten, die sowohl die Bed\u00fcrfnisse als auch den Geschmack Ihres Hundes befriedigen.<\/p><\/div><\/div>\t\t\t\t<\/div>\n\t\t\t\t<\/div>\n\t\t\t\t<\/div>\n\t\t<div class=\"elementor-element elementor-element-73bb24b e-con-full e-flex e-con e-child\" data-id=\"73bb24b\" data-element_type=\"container\" data-e-type=\"container\">\n\t\t\t\t<div class=\"elementor-element elementor-element-56657be elementor-position-top elementor-widget elementor-widget-image-box\" data-id=\"56657be\" data-element_type=\"widget\" data-e-type=\"widget\" data-widget_type=\"image-box.default\">\n\t\t\t\t<div class=\"elementor-widget-container\">\n\t\t\t\t\t<div class=\"elementor-image-box-wrapper\"><figure class=\"elementor-image-box-img\"><a href=\"https:\/\/www.haustiere-news.de\/shop\/katzenbedarf\/\" tabindex=\"-1\"><img decoding=\"async\" width=\"300\" height=\"200\" src=\"https:\/\/www.haustiere-news.de\/shop\/wp-content\/uploads\/2023\/11\/katzenbedarf-shop.jpg\" class=\"elementor-animation-grow attachment-full size-full wp-image-2013\" alt=\"\" title=\"\" srcset=\"https:\/\/www.haustiere-news.de\/shop\/wp-content\/uploads\/2023\/11\/katzenbedarf-shop.jpg 300w, https:\/\/www.haustiere-news.de\/shop\/wp-content\/uploads\/2023\/11\/katzenbedarf-shop-150x100.jpg 150w, https:\/\/www.haustiere-news.de\/shop\/wp-content\/uploads\/2023\/11\/katzenbedarf-shop-262x175.jpg 262w, https:\/\/www.haustiere-news.de\/shop\/wp-content\/uploads\/2023\/11\/katzenbedarf-shop-162x108.jpg 162w, https:\/\/www.haustiere-news.de\/shop\/wp-content\/uploads\/2023\/11\/katzenbedarf-shop-100x67.jpg 100w\" sizes=\"(max-width: 300px) 100vw, 300px\" \/><\/a><\/figure><div class=\"elementor-image-box-content\"><h2 class=\"elementor-image-box-title\"><a href=\"https:\/\/www.haustiere-news.de\/shop\/katzenbedarf\/\">Katzenbedarf Shop<\/a><\/h2><p class=\"elementor-image-box-description\">Herzlich willkommen im Katzenbedarf Shop! Entdecken Sie eine sorgf\u00e4ltig ausgew\u00e4hlte Palette an Produkten, die das Wohlbefinden Ihrer geliebten Katzen f\u00f6rdern. Von hochwertigem stilvollem Katzenzubeh\u00f6r bis hin zu gem\u00fctlichen Schlafpl\u00e4tzen. Entdecken Sie die Vielfalt \u2013 wo Zufriedenheit auf Auswahl trifft!<\/p><\/div><\/div>\t\t\t\t<\/div>\n\t\t\t\t<\/div>\n\t\t\t\t<\/div>\n\t\t<div class=\"elementor-element elementor-element-c33725b e-con-full e-flex e-con e-child\" data-id=\"c33725b\" data-element_type=\"container\" data-e-type=\"container\">\n\t\t\t\t<div class=\"elementor-element elementor-element-26feef2 elementor-position-top elementor-widget elementor-widget-image-box\" data-id=\"26feef2\" data-element_type=\"widget\" data-e-type=\"widget\" data-widget_type=\"image-box.default\">\n\t\t\t\t<div class=\"elementor-widget-container\">\n\t\t\t\t\t<div class=\"elementor-image-box-wrapper\"><figure class=\"elementor-image-box-img\"><a href=\"https:\/\/www.haustiere-news.de\/shop\/kleintierbedarf\/\" tabindex=\"-1\"><img decoding=\"async\" width=\"300\" height=\"200\" src=\"https:\/\/www.haustiere-news.de\/shop\/wp-content\/uploads\/2023\/11\/kleintiere-bedarf-shop.jpg\" class=\"elementor-animation-grow attachment-full size-full wp-image-2014\" alt=\"\" title=\"\" srcset=\"https:\/\/www.haustiere-news.de\/shop\/wp-content\/uploads\/2023\/11\/kleintiere-bedarf-shop.jpg 300w, https:\/\/www.haustiere-news.de\/shop\/wp-content\/uploads\/2023\/11\/kleintiere-bedarf-shop-150x100.jpg 150w, https:\/\/www.haustiere-news.de\/shop\/wp-content\/uploads\/2023\/11\/kleintiere-bedarf-shop-262x175.jpg 262w, https:\/\/www.haustiere-news.de\/shop\/wp-content\/uploads\/2023\/11\/kleintiere-bedarf-shop-162x108.jpg 162w, https:\/\/www.haustiere-news.de\/shop\/wp-content\/uploads\/2023\/11\/kleintiere-bedarf-shop-100x67.jpg 100w\" sizes=\"(max-width: 300px) 100vw, 300px\" \/><\/a><\/figure><div class=\"elementor-image-box-content\"><h2 class=\"elementor-image-box-title\"><a href=\"https:\/\/www.haustiere-news.de\/shop\/kleintierbedarf\/\">Kleintierbedarf Shop<\/a><\/h2><p class=\"elementor-image-box-description\">Willkommen in der Kleintier-Welt \u2013 im Onlineshop f\u00fcr Kleintierbedarf! Entdecken Sie eine liebevoll zusammengestellte Auswahl an Produkten, die das Wohlbefinden Ihrer kleinen Gef\u00e4hrten f\u00f6rdern. Von artgerechtem Futter \u00fcber sichere K\u00e4fige bis hin zu Spielzeugen alles, was Ihre Kleintiere brauchen, um sich rundum wohl zu f\u00fchlen.<\/p><\/div><\/div>\t\t\t\t<\/div>\n\t\t\t\t<\/div>\n\t\t\t\t<\/div>\n\t\t<div class=\"elementor-element elementor-element-0532876 e-con-full e-flex e-con e-child\" data-id=\"0532876\" data-element_type=\"container\" data-e-type=\"container\">\n\t\t\t\t<div class=\"elementor-element elementor-element-72f72d9 elementor-position-top elementor-widget elementor-widget-image-box\" data-id=\"72f72d9\" data-element_type=\"widget\" data-e-type=\"widget\" data-widget_type=\"image-box.default\">\n\t\t\t\t<div class=\"elementor-widget-container\">\n\t\t\t\t\t<div class=\"elementor-image-box-wrapper\"><figure class=\"elementor-image-box-img\"><a href=\"https:\/\/www.haustiere-news.de\/shop\/aquaristik\/\" tabindex=\"-1\"><img loading=\"lazy\" decoding=\"async\" width=\"300\" height=\"200\" src=\"https:\/\/www.haustiere-news.de\/shop\/wp-content\/uploads\/2023\/11\/aquaristik-shop.jpg\" class=\"elementor-animation-grow attachment-full size-full wp-image-2024\" alt=\"\" title=\"\" srcset=\"https:\/\/www.haustiere-news.de\/shop\/wp-content\/uploads\/2023\/11\/aquaristik-shop.jpg 300w, https:\/\/www.haustiere-news.de\/shop\/wp-content\/uploads\/2023\/11\/aquaristik-shop-150x100.jpg 150w, https:\/\/www.haustiere-news.de\/shop\/wp-content\/uploads\/2023\/11\/aquaristik-shop-262x175.jpg 262w, https:\/\/www.haustiere-news.de\/shop\/wp-content\/uploads\/2023\/11\/aquaristik-shop-162x108.jpg 162w, https:\/\/www.haustiere-news.de\/shop\/wp-content\/uploads\/2023\/11\/aquaristik-shop-100x67.jpg 100w\" sizes=\"(max-width: 300px) 100vw, 300px\" \/><\/a><\/figure><div class=\"elementor-image-box-content\"><h2 class=\"elementor-image-box-title\"><a href=\"https:\/\/www.haustiere-news.de\/shop\/aquaristik\/\">Aquaristik Shop<\/a><\/h2><p class=\"elementor-image-box-description\">Herzlich willkommen bei Ihrem Experten f\u00fcr Aquaristik-Bedarf! Tauchen Sie ein in die faszinierende Welt der Wasserwelten und entdecken Sie eine umfassende Auswahl an hochwertigen Produkten f\u00fcr Ihr Aquarium. Von erstklassigem Fischfutter \u00fcber innovative Technik bis hin zu stilvoller Dekoration. <\/p><\/div><\/div>\t\t\t\t<\/div>\n\t\t\t\t<\/div>\n\t\t\t\t<\/div>\n\t\t<div class=\"elementor-element elementor-element-916104a e-con-full e-flex e-con e-child\" data-id=\"916104a\" data-element_type=\"container\" data-e-type=\"container\">\n\t\t\t\t<div class=\"elementor-element elementor-element-6f70e0e elementor-position-top elementor-widget elementor-widget-image-box\" data-id=\"6f70e0e\" data-element_type=\"widget\" data-e-type=\"widget\" data-widget_type=\"image-box.default\">\n\t\t\t\t<div class=\"elementor-widget-container\">\n\t\t\t\t\t<div class=\"elementor-image-box-wrapper\"><figure class=\"elementor-image-box-img\"><a href=\"https:\/\/www.haustiere-news.de\/shop\/terraristik\/\" tabindex=\"-1\"><img loading=\"lazy\" decoding=\"async\" width=\"300\" height=\"200\" src=\"https:\/\/www.haustiere-news.de\/shop\/wp-content\/uploads\/2023\/11\/terraristik-shop.jpg\" class=\"elementor-animation-grow attachment-full size-full wp-image-2025\" alt=\"Terraristik-Shop\" title=\"\" srcset=\"https:\/\/www.haustiere-news.de\/shop\/wp-content\/uploads\/2023\/11\/terraristik-shop.jpg 300w, https:\/\/www.haustiere-news.de\/shop\/wp-content\/uploads\/2023\/11\/terraristik-shop-150x100.jpg 150w, https:\/\/www.haustiere-news.de\/shop\/wp-content\/uploads\/2023\/11\/terraristik-shop-262x175.jpg 262w, https:\/\/www.haustiere-news.de\/shop\/wp-content\/uploads\/2023\/11\/terraristik-shop-162x108.jpg 162w, https:\/\/www.haustiere-news.de\/shop\/wp-content\/uploads\/2023\/11\/terraristik-shop-100x67.jpg 100w\" sizes=\"(max-width: 300px) 100vw, 300px\" \/><\/a><\/figure><div class=\"elementor-image-box-content\"><h2 class=\"elementor-image-box-title\"><a href=\"https:\/\/www.haustiere-news.de\/shop\/terraristik\/\">Terraristik Shop<\/a><\/h2><p class=\"elementor-image-box-description\">Entdecken Sie eine faszinierende Welt der Reptilien und Amphibien mit unserer sorgf\u00e4ltig ausgew\u00e4hlten Palette an Produkten. Von artgerechtem Futter \u00fcber sichere Terrarien bis hin zu passender Einrichtung .Lassen Sie sich von unserer Auswahl inspirieren und gestalten Sie das Zuhause Ihrer Reptilien einzigartig!<\/p><\/div><\/div>\t\t\t\t<\/div>\n\t\t\t\t<\/div>\n\t\t\t\t<\/div>\n\t\t<div class=\"elementor-element elementor-element-8ab2003 e-con-full e-flex e-con e-child\" data-id=\"8ab2003\" data-element_type=\"container\" data-e-type=\"container\">\n\t\t\t\t<div class=\"elementor-element elementor-element-246c297 elementor-position-top elementor-widget elementor-widget-image-box\" data-id=\"246c297\" data-element_type=\"widget\" data-e-type=\"widget\" data-widget_type=\"image-box.default\">\n\t\t\t\t<div class=\"elementor-widget-container\">\n\t\t\t\t\t<div class=\"elementor-image-box-wrapper\"><figure class=\"elementor-image-box-img\"><a href=\"https:\/\/www.haustiere-news.de\/shop\/vogelbedarf\/\" tabindex=\"-1\"><img loading=\"lazy\" decoding=\"async\" width=\"300\" height=\"200\" src=\"https:\/\/www.haustiere-news.de\/shop\/wp-content\/uploads\/2023\/11\/vogelbedarf-shop.jpg\" class=\"elementor-animation-grow attachment-full size-full wp-image-2026\" alt=\"Vogelbedarf-Shop\" title=\"\" srcset=\"https:\/\/www.haustiere-news.de\/shop\/wp-content\/uploads\/2023\/11\/vogelbedarf-shop.jpg 300w, https:\/\/www.haustiere-news.de\/shop\/wp-content\/uploads\/2023\/11\/vogelbedarf-shop-150x100.jpg 150w, https:\/\/www.haustiere-news.de\/shop\/wp-content\/uploads\/2023\/11\/vogelbedarf-shop-262x175.jpg 262w, https:\/\/www.haustiere-news.de\/shop\/wp-content\/uploads\/2023\/11\/vogelbedarf-shop-162x108.jpg 162w, https:\/\/www.haustiere-news.de\/shop\/wp-content\/uploads\/2023\/11\/vogelbedarf-shop-100x67.jpg 100w\" sizes=\"(max-width: 300px) 100vw, 300px\" \/><\/a><\/figure><div class=\"elementor-image-box-content\"><h2 class=\"elementor-image-box-title\"><a href=\"https:\/\/www.haustiere-news.de\/shop\/vogelbedarf\/\">Vogelbedarf Shop<\/a><\/h2><p class=\"elementor-image-box-description\">Willkommen bei Ihrem Spezialisten f\u00fcr Vogelbedarf! In unserem Shop finden Sie eine vielf\u00e4ltige Auswahl an hochwertigem Vogelfutter, ger\u00e4umigen K\u00e4figen, buntem Spielzeug und weiterem Zubeh\u00f6r, das auf die individuellen Bed\u00fcrfnisse Ihrer gefl\u00fcgelten Freunde zugeschnitten ist.<\/p><\/div><\/div>\t\t\t\t<\/div>\n\t\t\t\t<\/div>\n\t\t\t\t<\/div>\n\t\t\t\t\t<\/div>\n\t\t\t\t<\/div>\n\t\t<div class=\"elementor-element elementor-element-9dfd7c7 e-flex e-con-boxed e-con e-parent\" data-id=\"9dfd7c7\" data-element_type=\"container\" data-e-type=\"container\">\n\t\t\t\t\t<div class=\"e-con-inner\">\n\t\t\t\t<div class=\"elementor-element elementor-element-7955106 elementor-widget elementor-widget-text-editor\" data-id=\"7955106\" data-element_type=\"widget\" data-e-type=\"widget\" data-widget_type=\"text-editor.default\">\n\t\t\t\t<div class=\"elementor-widget-container\">\n\t\t\t\t\t\t\t\t\t<p><a href=\"https:\/\/ebay.us\/EmOBL5\" target=\"_blank\" rel=\"noopener sponsored nofollow\">Haustiere<\/a> sind nicht nur Tiere, sondern Familienmitglieder, die Liebe und F\u00fcrsorge verdienen. Im <a href=\"https:\/\/amzn.to\/4caIZfI\" target=\"_blank\" rel=\"nofollow noopener sponsored\">Haustierbedarf Shop<\/a> finden Tierliebhaber eine reiche Vielfalt an Produkten, die darauf abzielen, das Wohlbefinden und die Lebensqualit\u00e4t ihrer tierischen Freunde zu verbessern.<\/p><h3>Erstklassige Ern\u00e4hrung<\/h3><p>Eine ausgewogene Ern\u00e4hrung bildet das Fundament f\u00fcr ein gesundes und gl\u00fcckliches Haustierleben.\u00a0Von hochwertigen Trocken- und Nassfuttern bis zu speziellen Di\u00e4toptionen bietet der Markt eine breite Palette an M\u00f6glichkeiten.\u00a0Renommierte Marken setzen auf erstklassige Zutaten, um sicherzustellen, dass Haustiere alle notwendigen N\u00e4hrstoffe erhalten.<\/p><h3>Accessoires und Spielzeug<\/h3><p>Accessoires und Spielzeug sind nicht nur eine Frage der \u00c4sthetik, sondern f\u00f6rdern auch die Bindung zwischen Tier und Besitzer. Stilvolle Halsb\u00e4nder, gem\u00fctliche Schlafpl\u00e4tze und interaktive Spielzeuge bieten nicht nur Komfort, sondern bereichern auch das t\u00e4gliche Leben unserer Haustiere. Der Markt bietet eine schier endlose Auswahl an Produkten, die den verschiedenen Tierarten gerecht werden.<\/p><h3>Gesundheit und Pflege<\/h3><p>Tiergesundheit steht im Mittelpunkt jeder liebevollen Pflege. Pflegemittel tragen dazu bei, dass unsere Haustiere nicht nur gut aussehen, sondern sich auch wohlf\u00fchlen. Erg\u00e4nzende Gesundheitsprodukte, wie Nahrungserg\u00e4nzungsmittel oder Anti-Zeckenmittel, erhalten die Vitalit\u00e4t der Tiere.<\/p><h3>Die digitale \u00c4ra<\/h3><p>Mit dem Aufkommen von Technologie haben auch Haustierprodukte eine digitale Revolution erlebt.\u00a0Von intelligenten Futterautomaten bis zu Fitness-Trackern erm\u00f6glichen diese Innovationen, das Wohlbefinden der Tiere auf eine ganz neue Ebene zu heben.\u00a0Die Integration von Technologie in den Haustierbedarf erleichtert den Alltag und f\u00f6rdert eine enge Verbindung zwischen Mensch und Tier.<\/p>\t\t\t\t\t\t\t\t<\/div>\n\t\t\t\t<\/div>\n\t\t\t\t\t<\/div>\n\t\t\t\t<\/div>\n\t\t\t\t<\/div>\n\t\t","protected":false},"excerpt":{"rendered":"<p>Hundebedarf Shop Willkommen in Ihrem Hundebedarf Shop! Bei uns finden Sie alles, was das Herz Ihres vierbeinigen Freundes h\u00f6herschlagen l\u00e4sst. Von stylischen Halsb\u00e4ndern bis hin zu gem\u00fctlichen Schlafpl\u00e4tzen \u2013 eine sorgf\u00e4ltig kuratierte Auswahl an Produkten, die sowohl die Bed\u00fcrfnisse als auch den Geschmack Ihres Hundes befriedigen. Katzenbedarf Shop Herzlich willkommen im Katzenbedarf Shop! Entdecken Sie [&hellip;]<\/p>\n","protected":false},"author":1,"featured_media":0,"parent":0,"menu_order":0,"comment_status":"closed","ping_status":"closed","template":"","meta":{"_acf_changed":false,"footnotes":""},"class_list":["post-1995","page","type-page","status-publish","hentry"],"acf":[],"_links":{"self":[{"href":"https:\/\/www.haustiere-news.de\/shop\/wp-json\/wp\/v2\/pages\/1995","targetHints":{"allow":["GET"]}}],"collection":[{"href":"https:\/\/www.haustiere-news.de\/shop\/wp-json\/wp\/v2\/pages"}],"about":[{"href":"https:\/\/www.haustiere-news.de\/shop\/wp-json\/wp\/v2\/types\/page"}],"author":[{"embeddable":true,"href":"https:\/\/www.haustiere-news.de\/shop\/wp-json\/wp\/v2\/users\/1"}],"replies":[{"embeddable":true,"href":"https:\/\/www.haustiere-news.de\/shop\/wp-json\/wp\/v2\/comments?post=1995"}],"version-history":[{"count":0,"href":"https:\/\/www.haustiere-news.de\/shop\/wp-json\/wp\/v2\/pages\/1995\/revisions"}],"wp:attachment":[{"href":"https:\/\/www.haustiere-news.de\/shop\/wp-json\/wp\/v2\/media?parent=1995"}],"curies":[{"name":"wp","href":"https:\/\/api.w.org\/{rel}","templated":true}]}}